{"id":775,"date":"2022-07-05T13:52:17","date_gmt":"2022-07-05T11:52:17","guid":{"rendered":"http:\/\/fondacijatamaragrujic.org\/privacy-policy\/"},"modified":"2025-11-24T08:42:03","modified_gmt":"2025-11-24T07:42:03","slug":"privacy-policy","status":"publish","type":"page","link":"https:\/\/fondacijatamaragrujic.org\/en\/privacy-policy\/","title":{"rendered":"Privacy Policy"},"content":{"rendered":"<p>FONDACIJA &#8220;TAMARA GRUJI\u0106&#8221; , sa sedi\u0161tem u Beogradu, op\u0161tina Novi Beograd, ul. CARA LAZARA 15\/6\/22, MB: 28835566 PIB: 114794496, u obavljanju svoje delatnosti obra\u0111uje podatke o li\u010dnosti po\u0161tuju\u0107i sve relevantne zakone i propise.<\/p>\n<p>Cilj fondacije je renoviranje i osna\u017eivanje institucija od \u0161ireg dru\u0161tvenog zna\u010daja: \u0161kola, bolnica, ustanova za osobe sa invaliditetom, verskih i kulturnih objekata, kao i prostora koji poma\u017eu za\u0161titi \u017eivotne sredine.<\/p>\n<h2>Molimo Vas da slede\u0107e informacije pa\u017eljivo pro\u010ditate<\/h2>\n<h3>Rukovalac podacima o li\u010dnosti<\/h3>\n<p>FONDACIJA &#8220;TAMARA GRUJI\u0106&#8221; je rukovalac podacima o li\u010dnosti u skladu sa zakonom i propisima o za\u0161titi podataka o li\u010dnosti. FONDACIJA &#8220;TAMARA GRUJI\u0106&#8221;, kao Rukovalac podacima o li\u010dnosti, odre\u0111uje svrhu i sredstva obrade podataka o li\u010dnosti i odgovoran je za \u010duvanje i kori\u0161\u0107enje podataka o li\u010dnosti u pisanoj i\/ili elektronskoj formi.<\/p>\n<h3>Obra\u0111iva\u010d podataka o li\u010dnosti<\/h3>\n<p>FONDACIJA &#8220;TAMARA GRUJI\u0106&#8221;, u svom poslovanju, mo\u017ee obra\u0111ivati podatke o li\u010dnosti u ime Rukovaoca podacima o li\u010dnosti, odnosno u skladu sa njegovim pisanim uputstvima u kom slu\u010daju ima svojstvo Obra\u0111iva\u010da podataka o li\u010dnosti.<br \/>\nLice za za\u0161titu podataka o li\u010dnosti<\/p>\n<h3>Koje podatke o li\u010dnosti\u00a0 FONDACIJA &#8220;TAMARA GRUJI\u0106&#8221; prikuplja?<\/h3>\n<p>Podaci o li\u010dnosti koje FONDACIJA &#8220;TAMARA GRUJI\u0106&#8221; prikuplja zavise prvenstveno od vrste usluga koje pru\u017ea svojim klijentima, odnosno posetiocima internet prezentacija koje se nalaze na slede\u0107im internet domenima: <a href=\"https:\/\/fondacijatamaragrujic.org\/\">fondacijatamaragrujic.org<\/a> . Re\u010d je, pre svega, o podacima o li\u010dnosti bez kojih FONDACIJA &#8220;TAMARA GRUJI\u0106&#8221; ne mo\u017ee da izvr\u0161i uslugu, a uklju\u010duju najmanje podatke vezane za kori\u0161\u0107enje internet prezentacija koje se nalaze na pomenutim internet domenima, kao i ostale li\u010dne podatke neophodne za ostvarenje klijentovih prava baziranih na zakonskim odredbama.<\/p>\n<p>Podaci koji se prikupljaju:<\/p>\n<ul>\n<li>ime i prezime<\/li>\n<li>adresa i op\u0161tina<\/li>\n<li>kontakt email<\/li>\n<li>kontakt telefon<\/li>\n<li>imena i uzrast dece<\/li>\n<li>imena i godine roditelja ili staratelja<\/li>\n<li>neophodna pomo\u0107<\/li>\n<li>prihodi doma\u0107instva<\/li>\n<li>pomo\u0107 drugih organizacija<\/li>\n<li>mediji o vama<\/li>\n<li>naslov poruke<\/li>\n<li>poruka<\/li>\n<\/ul>\n<h3>Prikupljanje i kori\u0161\u0107enje podataka o li\u010dnosti<\/h3>\n<p>FONDACIJA &#8220;TAMARA GRUJI\u0106&#8221; prikuplja i upravlja podacima o li\u010dnosti radi pru\u017eanja usluga iz oblasti svog poslovanja, kao i kako bi ispunio zakonske i regulatorne obaveze i u svrhu ostvarenja sopstvenih legitimnih interesa zakonitog poslovanja. Ako to od nas tra\u017ee relevantni zakonski propisi, za odre\u0111ene razloge \u0107emo od korisnika dodatno tra\u017eiti njegov (Va\u0161) izri\u010diti pristanak.<\/p>\n<p>Razlozi zbog kojih obra\u0111ujemo podatke o li\u010dnosti radi sklapanja i ispunjenja ugovornih obaveza su:<\/p>\n<ul>\n<li>sprovo\u0111enje obuke iz oblasti socijalnih i \u017eivotnih ve\u0161tina<\/li>\n<li>izrada i isporuka internet prodavnice, aplikacije odnosno internet prezentacije;<\/li>\n<li>slanje Newslettera licima koja se prijave da budu na Newsletter listi FONDACIJA &#8220;TAMARA GRUJI\u0106&#8221;-a I platforme Inclue<\/li>\n<li>administracija ugovornog odnosa;<\/li>\n<li>upravljanje i primanje prigovora, pritu\u017ebi i reklamacija;<\/li>\n<li>administriranja aplikacija, internet prodavnica, internet prezentacija, odnosno prilikom pru\u017eanja usluga iz oblasti njegovog poslovanja;<\/li>\n<li>druge zakonske obaveze koje proizlaze iz poslovanja FONDACIJA &#8220;TAMARA GRUJI\u0106&#8221;-a.<\/li>\n<\/ul>\n<p>Razlozi radi kojih obra\u0111ujemo Va\u0161e podatke o li\u010dnosti na bazi na\u0161ih poslovnih legitimnih interesa su:<\/p>\n<p>\u2013 obave\u0161tavanje o promenama vezanim za uslove poslovanja;<\/p>\n<p>\u2013 spre\u010davanje i otkrivanje prevare.<\/p>\n<p>Za sve druge svrhe, koje nisu uvr\u0161tene u gore pobrojane svrhe, FONDACIJA &#8220;TAMARA GRUJI\u0106&#8221; \u0107e zatra\u017eiti Va\u0161 dodatni pristanak. Dati pristanak mo\u017eete povu\u0107i u svakom trenutku.<\/p>\n<h3>Pristup podacima o li\u010dnosti<\/h3>\n<p>FONDACIJA &#8220;TAMARA GRUJI\u0106&#8221; preduzima tehni\u010dke i organizacione mere kako bi se prikupljeni podaci o li\u010dnosti obra\u0111ivali samo na na\u010din koji je u skladu sa navedenom svrhom. Ukoliko je neophodno u svrhu izvr\u0161enja na\u0161ih poslovnih aktivnosti, pristup podacima o li\u010dnosti \u0107e biti omogu\u0107en tre\u0107im stranama i to:<\/p>\n<ul>\n<li>dr\u017eavnim organima i organima javne vlasti koja u svrhu sprovo\u0111enja zakonskih obaveza imaju pravo pristupa podacima o li\u010dnosti;<\/li>\n<li>advokatima,<\/li>\n<li>servisnim slu\u017ebama, \u0161tampariji, finansijskim ustanovama i drugim poslovnim partnerima.<\/li>\n<\/ul>\n<p>Svi, izuzev dr\u017eavnih organa i organa javne vlasti, podatke o li\u010dnosti obra\u0111uju isklju\u010divo prema uputstvima FONDACIJA &#8220;TAMARA GRUJI\u0106&#8221;-a<\/p>\n<h3>Obrada podataka o li\u010dnosti<\/h3>\n<p>Korisni\u010dki podaci o li\u010dnosti \u0107e biti obra\u0111ivani od strane izvr\u0161ilaca obrade koji su navedeni u poglavlju Pristup podacima o li\u010dnosti, a \u010dija je odgovornost i obaveza za\u0161tite podataka o li\u010dnosti i \u010duvanja njihove poverljivosti definisana ugovornim odnosom i u skladu sa svim tehni\u010dkim i organizacijskim merama i zakonskim propisima koji ure\u0111uju za\u0161titu podataka. Va\u0161i podaci, koje je FONDACIJA &#8220;TAMARA GRUJI\u0106&#8221; prikupio u svrhe navedene u poglavlju Prikupljanje i kori\u0161\u0107enje podataka o li\u010dnosti, ne\u0107e biti dostupni nikome ko za to nema ovla\u0161\u0107enje FONDACIJA &#8220;TAMARA GRUJI\u0106&#8221;-a.<\/p>\n<h3>Ostvarivanje prava<\/h3>\n<p>Kada je to zakonski predvi\u0111eno lice \u010dije podatke FONDACIJA &#8220;TAMARA GRUJI\u0106&#8221; obra\u0111uje ima pravo na informacije o obradi njegovih podataka o li\u010dnosti; povla\u010denje svog pristanka u bilo koje vreme, ako podatke o li\u010dnosti FONDACIJA &#8220;TAMARA GRUJI\u0106&#8221; obra\u0111uje uz dat pristanak; ispravku ili dopunu podataka o li\u010dnosti kako bi uvek bili ta\u010dni; brisanje podataka o li\u010dnosti kada vi\u0161e nisu potrebni za gore navedene svrhe; podno\u0161enje prigovora FONDACIJA &#8220;TAMARA GRUJI\u0106&#8221;-u ili nadle\u017enom dr\u017eavnom organu.<\/p>\n<p>Lica na koja se podaci o li\u010dnosti odnose mogu svoja prava ostvariti postavljanjem zahteva, i to putem slede\u0107ih komunikacijskih kanala:<\/p>\n<ul>\n<li>putem elektronske po\u0161te poslate sa u sistemu FONDACIJA &#8220;TAMARA GRUJI\u0106&#8221; registrovane e-mail adrese: info@fondacijatamaragrujic.org<\/li>\n<\/ul>\n<p>Nezavisno od odabranog komunikacijskog kanala zahtev se podnosi li\u010dno i na takav na\u010din da je zaposlenima i\/ili ovla\u0161\u0107enim licima FONDACIJA &#8220;TAMARA GRUJI\u0106&#8221;-a omogu\u0107ena identifikacija podnosioca zahteva.<\/p>\n<h3>Pravo na prigovor nadzornom organu<\/h3>\n<p>Osim prigovora na obradu podataka o li\u010dnosti podnesenog FONDACIJA &#8220;TAMARA GRUJI\u0106&#8221; , prigovor na obradu li\u010dnih podataka mogu\u0107e je podneti i kancelariji Poverenika za informacije od javnog zna\u010daja i za\u0161titu podataka o li\u010dnosti, Bulevar kralja Aleksandra 15, 11 000 Beograd, Republika Srbija, na e-mail office@poverenik.rs ili na broj telefona: 011 3408 900.<\/p>\n<h3>\u010cuvanje podataka o li\u010dnosti<\/h3>\n<p>Vremenski period \u010duvanja podataka o li\u010dnosti korisnika zavisi od svrhe zbog koje FONDACIJA &#8220;TAMARA GRUJI\u0106&#8221; obra\u0111uje.<\/p>\n<ul>\n<li>Podaci prikupljeni u svrhu sprovo\u0111enja obuke iz oblasti socijalnih i \u017eivotnih ve\u0161tina \u010duvaju se do momenta okon\u010danja obuke, odnosno ispunjenja ugovornih obaveza;<\/li>\n<li>Podaci prikupljeni u svrhu izrade i isporuke internet prodavnice, aplikacije odnosno internet prezentacije, u svrhu administracije ugovornih odnosa, kao i u svrhu administriranja aplikacija, internet prodavnica, internet prezentacija, odnosno pru\u017eanja usluga iz oblasti njegovog poslovanja \u2013 do momenta izvr\u0161enja ugovornih obaveza;<\/li>\n<li>Podaci lica koja su prijavljena na Newsletter listu \u010duvaju se dok se nalaze na Newsletter listi;<\/li>\n<li>Podaci prikupljeni zbog obrada baziranih na zakonskoj osnovi, \u010duvaju se u skladu sa vremenskim ograni\u010denjima odredbi predmetnog zakona (na primer Zakon o ra\u010dunovodstvu i sli\u010dno).<\/li>\n<\/ul>\n<h3>Kontakt<\/h3>\n<p>Za bilo kakva pitanja o na\u010dinu kori\u0161\u0107enja podataka o li\u010dnosti mo\u017eete nas kontaktirati telefonom, e-mailom ili po\u0161tom kako sledi:<\/p>\n<p>slanjem elektronske po\u0161te na <a href=\"mailto:info@fondacijatamaragrujic.org\">info@fondacijatamaragrujic.org<\/a> ;<\/p>\n<p>Za komunikaciju zbog ostvarivanja prava vezanih za za\u0161titu podataka o li\u010dnosti potrebno je koristiti komunikacijske kanale definisane u poglavlju \u201eOstvarivanje prava\u201c kako bi svaki zahtev bio prihva\u0107en, a korisnik kao podnosilac zahteva identifikovan.<\/p>\n<h3>A\u017euriranje Informacije o obradi podataka o li\u010dnosti<\/h3>\n<p>FONDACIJA &#8220;TAMARA GRUJI\u0106&#8221; redovno revidira i a\u017eurira sadr\u017eaj Politike privatnosti i isti uskla\u0111uje sa promenama u sopstvenim poslovnim procesima, sa promenama zakonskih odredbi i regulatornih obaveza. Aktuelna verzija Politike privatnosti dostupna je na internet prezentacijama FONDACIJA &#8220;TAMARA GRUJI\u0106&#8221;-a koje se nalaze na internet domenima: <a href=\"https:\/\/fondacijatamaragrujic.org\/\">fondacijatamaragrujic.org<\/a> .<\/p>\n<p>Ukoliko do\u0111e do zna\u010dajnih promena koje u ve\u0107oj meri uti\u010du na obradu podataka o li\u010dnosti FONDACIJA &#8220;TAMARA GRUJI\u0106&#8221; \u0107e takve promene bez odlaganja objaviti na svojim internet prezentacijama i direktno Vas informisati.<br \/>\nKola\u010di\u0107i (eng. Cookies) i pra\u0107enje internet aktivnosti<\/p>\n<p>FONDACIJA &#8220;TAMARA GRUJI\u0106&#8221; koristi kola\u010di\u0107e (eng. Cookies) kako bi posetiocima internet prezentacija Moj na\u010din-a koje se nalaze na internet domenima: http:\/inclu.me\/ olak\u0161ao i pobolj\u0161ao pristup funkcijama koje im pru\u017eaju ove internet prezentacije.<\/p>\n<p>Kola\u010di\u0107 je informacija, odnosno tekstualna datoteka koju internet prezentacije koje pose\u0107ujete skladi\u0161te na Va\u0161 ure\u0111aj (ra\u010dunar, tablet, pametni telefon).<\/p>\n<p>Informacije koje FONDACIJA &#8220;TAMARA GRUJI\u0106&#8221; prikuplja putem kola\u010di\u0107a koriste se za pam\u0107enje pode\u0161avanja i korisni\u010dkih aktivnosti na internet prezentacijama kao \u0161to su pregledanje usluga, kretanje po stranicama i sli\u010dno.<\/p>\n<p>FONDACIJA &#8220;TAMARA GRUJI\u0106&#8221; na svojim internet prezentacijama koristi usluge za analizu poseta i pra\u0107enja navika posetilaca (npr. Google Analytics, Facebook Pixel). Pru\u017ealac usluga mo\u017ee da upotrebom kola\u010di\u0107a prati korisnikove posete na\u0161im i drugim internet sedi\u0161tima i na osnovu toga da korisniku prika\u017ee FONDACIJA &#8220;TAMARA GRUJI\u0106&#8221;-u pla\u0107ene oglase ili oglase drugih korisnika usluge. Prikaz oglasa korisnik mo\u017ee zaustaviti na stranici pru\u017eaoca usluga zadu\u017eenih za prikaz oglasa.<\/p>\n<p>Ukoliko ne \u017eelite da FONDACIJA &#8220;TAMARA GRUJI\u0106&#8221; prikuplja kola\u010di\u0107e, molimo da napustite ovu internet prezentaciju.<\/p>\n","protected":false},"excerpt":{"rendered":"<p>FONDACIJA &#8220;TAMARA GRUJI\u0106&#8221; , sa sedi\u0161tem u Beogradu, op\u0161tina Novi Beograd, ul. CARA LAZARA 15\/6\/22, MB: 28835566 PIB: 114794496, u obavljanju svoje delatnosti obra\u0111uje podatke o li\u010dnosti po\u0161tuju\u0107i sve relevantne zakone i propise. Cilj fondacije je renoviranje i osna\u017eivanje institucija od \u0161ireg dru\u0161tvenog zna\u010daja: \u0161kola, bolnica, ustanova za osobe sa invaliditetom, verskih i kulturnih objekata, [&hellip;]<\/p>\n","protected":false},"author":11,"featured_media":0,"parent":0,"menu_order":0,"comment_status":"closed","ping_status":"open","template":"","meta":{"_acf_changed":false,"footnotes":""},"class_list":["post-775","page","type-page","status-publish","hentry"],"acf":[],"_links":{"self":[{"href":"https:\/\/fondacijatamaragrujic.org\/en\/wp-json\/wp\/v2\/pages\/775","targetHints":{"allow":["GET"]}}],"collection":[{"href":"https:\/\/fondacijatamaragrujic.org\/en\/wp-json\/wp\/v2\/pages"}],"about":[{"href":"https:\/\/fondacijatamaragrujic.org\/en\/wp-json\/wp\/v2\/types\/page"}],"author":[{"embeddable":true,"href":"https:\/\/fondacijatamaragrujic.org\/en\/wp-json\/wp\/v2\/users\/11"}],"replies":[{"embeddable":true,"href":"https:\/\/fondacijatamaragrujic.org\/en\/wp-json\/wp\/v2\/comments?post=775"}],"version-history":[{"count":5,"href":"https:\/\/fondacijatamaragrujic.org\/en\/wp-json\/wp\/v2\/pages\/775\/revisions"}],"predecessor-version":[{"id":894,"href":"https:\/\/fondacijatamaragrujic.org\/en\/wp-json\/wp\/v2\/pages\/775\/revisions\/894"}],"wp:attachment":[{"href":"https:\/\/fondacijatamaragrujic.org\/en\/wp-json\/wp\/v2\/media?parent=775"}],"curies":[{"name":"wp","href":"https:\/\/api.w.org\/{rel}","templated":true}]}}