{"id":771,"date":"2023-11-10T09:38:06","date_gmt":"2023-11-10T08:38:06","guid":{"rendered":"http:\/\/fondacijatamaragrujic.org\/uslovi-koriscenja\/"},"modified":"2025-11-07T11:05:31","modified_gmt":"2025-11-07T10:05:31","slug":"terms-of-use","status":"publish","type":"page","link":"https:\/\/fondacijatamaragrujic.org\/en\/terms-of-use\/","title":{"rendered":"Terms and conditions"},"content":{"rendered":"<p>ENG<\/p>\n<p>Hvala vam \u0161to ste posetili na\u0161 internet sajt, <a href=\"https:\/\/fondacijatamaragrujic.org\/en\/\">fondacijatamaragrujic.org<\/a>.<\/p>\n<p>Molimo vas da se upoznate sa uslovima kori\u0161\u0107enja ovog internet sajta (u daljem tekstu sajt) pre samog kori\u0161\u0107enja. Pristupom i kori\u0161\u0107enjem sajta pristajete na navedene uslove kori\u0161\u0107enja. Ukoliko ne prihvatate uslove kori\u0161\u0107enja molimo vas da napustite sajt.<\/p>\n<p>Sadr\u017eaj sajta:<br \/>\nTekstovi, logotipi, grafika, slike, audio i video materijali kao i ostali materijal na sajtu (u daljem tekstu sadr\u017eaj) jesu autorsko pravo autora FONDACIJA &#8220;TAMARA GRUJI\u0106&#8221; (u daljem tekstu: Autor) i online prodavnice <a href=\"https:\/\/fondacijatamaragrujic.org\/en\/\">fondacijatamaragrujic.org<\/a> ili su na internet postavljeni uz dozvolu vlasnika ili nosioca autorskih prava. Kori\u0161\u0107enje sadr\u017eaja sajta u bilo kom obliku bez pisane dozvole vlasnika sadr\u017eaja je strogo zabranjeno. Neovla\u0161\u0107ena upotreba sadr\u017eaja sajta mo\u017ee podsta\u0107i preduzimanje pravne radnje od strane vlasnika sadr\u017eaja, uklju\u010duju\u0107i i krivi\u010dno gonjenje.<\/p>\n<p>Upotreba sajta od strane posetilaca:<br \/>\nSadr\u017eaj sajta mo\u017ee sadr\u017eati neta\u010dne podatke ili \u0161tamparske gre\u0161ke. Promene na sajtu se mogu de\u0161avati u bilo kom trenutku i bez najave. Autor sajta se ne obavezuje na redovno a\u017euriranje sadr\u017eaja na sajtu. Autor sajta ne garantuje da \u0107e sajt raditi bez prekida i gre\u0161aka, da \u0107e nedostaci biti blagovremeno ispravljeni ili da \u0107e sajt biti komplatibilan sa hardverom ili softverom posetioca.<\/p>\n<p>Izuze\u0107e od odgovornosti:<br \/>\nAutor sajta se ogra\u0111uje od bilo kakvih \u0161teta materijalne ili nematerijalne vrste nastalih kao posledica kori\u0161\u0107enja sajta na direktan ili indirektan na\u010din.<\/p>\n<p>Linkovi ka internet sajtovima tre\u0107ih lica:<br \/>\nSajt mo\u017ee sadr\u017eati linkove drugih internet sajtova \u010diji vlasnik ili korisnik nije Autor. Linkovi ka internet sajtovima tre\u0107ih lica slu\u017ee kako bi pru\u017eili dodatne informacije posetiocima sajta. Autor ni na jedan na\u010din nije odgovoran za sadr\u017eaj, uslove privatnosti, uslove kori\u0161\u0107enja i bezbednost internet sajtova tre\u0107ih lica. Autor ni na jedan na\u010din nema kontrolu nad proizvodima i uslugama internet sajtova tre\u0107ih lica. Ukoliko posetilac sajta uspostavi vezu sa internet sajtom tre\u0107eg lica preko ovog sajta to radi na sopstveni rizik i odgovornost, bez saglasnosti Autora.<\/p>\n<p>Informacije posetilaca sajta i njihova upotreba:<br \/>\nSajt zadr\u017eava pravo da sakuplja slede\u0107e informacije o svojim posetiocima<\/p>\n<p>ime domena sa kog je pristupljeno sajtu<br \/>\ndatum, vreme i mesto odakle se pristupa sajtu<br \/>\nURL adresa sa koje je pristupljeno na link sajta<br \/>\npodatke koji su neophodni za izradu neophodnih statisti\u010dkih analiza<\/p>\n<p>Sve navedene informacije se ne koriste zarad li\u010dne identifikacije posetilaca ve\u0107 zbog ve\u0107 zbog merenja broja poseta sajtu, prose\u010dno vreme provedeno na sajtu, pregledane stranice itd. Ove informacije se koriste isklju\u010divo kako bi se unapredili kvalitet sajta i njegovog sadr\u017eaja.<\/p>\n<p>Izmene ovih uslova kori\u0161\u0107enja:<br \/>\n<a href=\"https:\/\/fondacijatamaragrujic.org\/en\/\">fondacijatamaragrujic.org<\/a> zadr\u017eava pravo da izmeni uslove kori\u0161\u0107enja u svakom trenutku.<\/p>\n<p>Cene i promene cena:<br \/>\n<a href=\"https:\/\/fondacijatamaragrujic.org\/en\/\">fondacijatamaragrujic.org<\/a> i kompanija FONDACIJA &#8220;TAMARA GRUJI\u0106&#8221; zadr\u017eavaju pravo na promenu cena svih dostupnih proizvoda na dnevnom nivou i nisu u obavezi da posetioca sajta obaveste o teku\u0107im korekcijama cena. <a href=\"https:\/\/fondacijatamaragrujic.org\/en\/\">fondacijatamaragrujic.org<\/a> nagla\u0161ava da je nemogu\u0107e izvr\u0161iti kupovinu, odnosno napraviti transakciju za proizvod koji nije dostupan na stanju.<\/p>\n<p>Obveznik nije u sistemu PDV-a po \u010dlanu 33. Zakona o PDV-u.<\/p>\n<p>Izjava o konverziji:<br \/>\nAko su na e-comemerce prodajnom mestu cene izra\u017eene i u stranoj valuti (\u20ac, $, \u2026) Trgovac je u obavezi da predo\u010di slede\u0107u izjavu o konverziji (ili sli\u010dnu):<br \/>\n\u2018All payments will be effected in Serbian currency \u2013 dinar (RSD). The amount your credit card account will be charged for is obtained through the conversion of the price in Euro into Serbian dinar according to the current exchange rate of the Serbian National Bank. When charging your credit card, the same amount is converted into your local currency according to the exchange rate of credit card associations. As a result of this conversion there is a possibility of a slight difference from the original price stated in our web site\u2019.<br \/>\n\u2018Sva pla\u0107anja bi\u0107e izvr\u0161ena u lokalnoj valuti Republike Srbije \u2013 dinar (RSD).Za informativni prikaz cena u drugim valutama koristi se srednji kurs Narodne Banke Srbije. Iznos za koji \u0107e biti zadu\u017eena Va\u0161a platna kartica bi\u0107e izra\u017een u Va\u0161oj lokalnoj valuti kroz konverziju u istu po kursu koji koriste karti\u010darske organizacije, a koji nama u trenutku transakcije ne mo\u017ee biti poznat. Kao rezultat ove konverzije postoji mogu\u0107nost neznatne razlike od originalne cene navedene na na\u0161em sajtu.<\/p>\n<h3>OPIS PROIZVODA\/USLUGA<\/h3>\n<p>&nbsp;<\/p>\n<h3>NA\u010cIN PLA\u0106ANJA<\/h3>\n<p>Platnim karticama za fizi\u010dka lica<\/p>\n<h3>ZA\u0160TITA PODATAKA O TRANSAKCIJI<\/h3>\n<p>Prilikom uno\u0161enja podataka o platnoj kartici, poverljive informacija se prenose putem javne mre\u017ee u za\u0161ti\u0107enoj (kriptovanoj) formi. Niti jednog trenutka podaci o platnoj kartici nisu dostupni na\u0161em sistemu.<\/p>\n<h3>POLITIKA REKLAMACIJA<\/h3>\n<p><a href=\"https:\/\/fondacijatamaragrujic.org\/wp-content\/uploads\/2025\/11\/OBRAZAC-REKLAMACIJE-1611918534.pdf\">OBRAZAC REKLAMACIJE<\/a><\/p>\n<p>Ovom Politikom za Reklamacije se odre\u0111uje pod kojim uslovima FONDACIJA &#8220;TAMARA GRUJI\u0106&#8221; za platformu <a href=\"https:\/\/fondacijatamaragrujic.org\/en\/\">fondacijatamaragrujic.org<\/a> re\u0161ava problem reklamacije od strane potro\u0161a\u010da za kupljene proizvode putem interneta.<br \/>\nU slu\u010daju reklamacije mo\u017eete se obratiti direktno u sedi\u0161tu FONDACIJA &#8220;TAMARA GRUJI\u0106&#8221;. : CARA LAZARA 15\/6\/22, 11000, Beograd (Stari Grad), Srbija; podaci za utvr\u0111ivanje identiteta udru\u017eenja: mati\u010dni broj: 28835566, PIB: 114794496; , e-mail: info@fondacijatamaragrujic.org<\/p>\n<h3>POVRA\u0106AJ SREDSTAVA<\/h3>\n<p>U slu\u010daju vra\u0107anja robe i povra\u0107aja sredstava kupcu koji je prethodno platio nekom od platnih kartica, delimi\u010dno ili u celosti, a bez obzira na razlog vra\u0107anja, Inclue.me je u obavezi da povra\u0107aj vr\u0161i isklju\u010divo preko VISA, EC\/MC, Maestro i Dinacard metoda pla\u0107anja, \u0161to zna\u010di da \u0107e banka na zahtev prodavca obaviti povra\u0107aj sredstava na ra\u010dun korisnika platne kartice.<\/p>\n<h3>PROCEDURA ZA POVRA\u0106AJ SREDSTAVA<\/h3>\n<p>&nbsp;<\/p>\n<h3>PRAVO NA ODUSTAJANJE<\/h3>\n<p>Smatra se da je potro\u0161a\u010d odustao od kupovine ako u roku od 24h od kupovine proizvoda po\u0161alje obrazac za odustanak na email adresu: info@fondacijatamaragrujic.org . Tada \u0107e mu novac biti vra\u0107en na ra\u010dun u roku od 14 dana.<\/p>\n<p>Izjava o odustanku od ugovora na daljinu ili ugovora koji se zaklju\u010duje izvan poslovnih prostorija<\/p>\n","protected":false},"excerpt":{"rendered":"<p>ENG Hvala vam \u0161to ste posetili na\u0161 internet sajt, fondacijatamaragrujic.org. Molimo vas da se upoznate sa uslovima kori\u0161\u0107enja ovog internet sajta (u daljem tekstu sajt) pre samog kori\u0161\u0107enja. Pristupom i kori\u0161\u0107enjem sajta pristajete na navedene uslove kori\u0161\u0107enja. Ukoliko ne prihvatate uslove kori\u0161\u0107enja molimo vas da napustite sajt. Sadr\u017eaj sajta: Tekstovi, logotipi, grafika, slike, audio i [&hellip;]<\/p>\n","protected":false},"author":11,"featured_media":741,"parent":0,"menu_order":0,"comment_status":"closed","ping_status":"closed","template":"","meta":{"_acf_changed":false,"footnotes":""},"class_list":["post-771","page","type-page","status-publish","has-post-thumbnail","hentry"],"acf":[],"_links":{"self":[{"href":"https:\/\/fondacijatamaragrujic.org\/en\/wp-json\/wp\/v2\/pages\/771","targetHints":{"allow":["GET"]}}],"collection":[{"href":"https:\/\/fondacijatamaragrujic.org\/en\/wp-json\/wp\/v2\/pages"}],"about":[{"href":"https:\/\/fondacijatamaragrujic.org\/en\/wp-json\/wp\/v2\/types\/page"}],"author":[{"embeddable":true,"href":"https:\/\/fondacijatamaragrujic.org\/en\/wp-json\/wp\/v2\/users\/11"}],"replies":[{"embeddable":true,"href":"https:\/\/fondacijatamaragrujic.org\/en\/wp-json\/wp\/v2\/comments?post=771"}],"version-history":[{"count":4,"href":"https:\/\/fondacijatamaragrujic.org\/en\/wp-json\/wp\/v2\/pages\/771\/revisions"}],"predecessor-version":[{"id":842,"href":"https:\/\/fondacijatamaragrujic.org\/en\/wp-json\/wp\/v2\/pages\/771\/revisions\/842"}],"wp:featuredmedia":[{"embeddable":true,"href":"https:\/\/fondacijatamaragrujic.org\/en\/wp-json\/wp\/v2\/media\/741"}],"wp:attachment":[{"href":"https:\/\/fondacijatamaragrujic.org\/en\/wp-json\/wp\/v2\/media?parent=771"}],"curies":[{"name":"wp","href":"https:\/\/api.w.org\/{rel}","templated":true}]}}